{"id":6272,"date":"2023-03-16T16:02:07","date_gmt":"2023-03-16T16:02:07","guid":{"rendered":"https:\/\/t2k-experiment.org\/?page_id=6272"},"modified":"2023-03-16T16:09:48","modified_gmt":"2023-03-16T16:09:48","slug":"ueber-t2k","status":"publish","type":"page","link":"https:\/\/t2k-experiment.org\/de\/ueber-t2k\/","title":{"rendered":"\u00dcber T2K"},"content":{"rendered":"<div id=\"attachment_99\" style=\"width: 270px\" class=\"wp-caption alignright\"><img decoding=\"async\" aria-describedby=\"caption-attachment-99\" loading=\"lazy\" class=\"size-medium wp-image-99 \" src=\"http:\/\/t2k-experiment.org\/wp-content\/uploads\/JapanT2K-260x300.gif\" alt=\"Map of Japan showing Tokai and Kamioka\" width=\"260\" height=\"300\" srcset=\"https:\/\/t2k-experiment.org\/wp-content\/uploads\/JapanT2K-260x300.gif 260w, https:\/\/t2k-experiment.org\/wp-content\/uploads\/JapanT2K.gif 604w\" sizes=\"auto, (max-width: 260px) 100vw, 260px\" \/><p id=\"caption-attachment-99\" class=\"wp-caption-text\"><!-- id=99. alt=Map of Japan showing Tokai and Kamioka. title=JapanT2K. align=. --><\/p><\/div>\n<p><span lang=\"de-DE\">Das T2K-Experiment (Tokai-to-Kamioka) ist ein sogenanntes long-baseline Neutrinoexperiment in Japan. Es besteht aus einem Teilchenbeschleuniger, der einen Neutrinostrahl \u00fcber eine Distanz von 300 km von Tokai zum SuperKamiokande Detektor in Kamioka schickt. Das Hauptziel ist die Untersuchung von Neutrino-Oszillationen. Neutrinos sind Elementarteilchen, die in drei \u201eGeschmacksrichtungen\u201c (Flavor) existieren: Elektronen-, Myon- und Tau-Neutrinos. Sie wechselwirken nur \u00fcber die schwache Kraft und sind sehr schwer nachzuweisen, da sie nur selten mit Materie wechselwirken. Elektronenneutrinos werden in gro\u00dfen Mengen in der Sonne erzeugt, und diese solaren Neutrinos sind in der Lage, die gesamte Erde zu durchqueren, ohne mit ihr in Wechselwirkung zu treten.<\/span><\/p>\n<p><span lang=\"de-DE\">T2K hat nach Oszillationen zwischen Myon-Neutrinos und Elektron-Neutrinos gesucht und im Juni 2011 den ersten experimentellen Nachweis daf\u00fcr bekannt gegeben. Diese Oszillationen waren vorher noch beobachtet worden. T2K f\u00fchrt auch Messungen von Oszillationen zwischen Myon-Neutrinos und Tauon-Neutrinos durch, die bereits in fr\u00fcheren Experimenten beobachtet wurden. Dies sind die bisher genauesten Messungen der Wahrscheinlichkeit dieser Oszillationen und der Massendifferenz zwischen den Neutrinos. (Genaugenommen misst T2K die Differenz der Quadrate der Neutrinomassen.)<\/span><\/p>\n<h2><b><span lang=\"ES\">Der T2K Neutrinostrahl<\/span><\/b><\/h2>\n<p><img decoding=\"async\" loading=\"lazy\" class=\"alignnone wp-image-3046 \" src=\"http:\/\/t2k-experiment.org\/wp-content\/uploads\/t2k-overview-en-640x182.jpg\" width=\"665\" height=\"189\" srcset=\"https:\/\/t2k-experiment.org\/wp-content\/uploads\/t2k-overview-en-640x182.jpg 640w, https:\/\/t2k-experiment.org\/wp-content\/uploads\/t2k-overview-en-768x218.jpg 768w, https:\/\/t2k-experiment.org\/wp-content\/uploads\/t2k-overview-en-1024x291.jpg 1024w, https:\/\/t2k-experiment.org\/wp-content\/uploads\/t2k-overview-en-700x199.jpg 700w, https:\/\/t2k-experiment.org\/wp-content\/uploads\/t2k-overview-en.jpg 1191w\" sizes=\"auto, (max-width: 665px) 100vw, 665px\" \/><\/p>\n<p><span lang=\"de-DE\">Das T2K-Experiment sendet einen intensiven Strahl von Myon-Neutrinos vom J-PARC Beschleunigerzentrum in Tokai, das an der Ostk\u00fcste Japans liegt, nach Kamioka, das 295 km entfernt im Westen Japans liegt. Der Neutrinostrahl wird durch Kollisionen eines Protonenstrahls mit einem Graphittarget erzeugt. Bei diesen Kollisionen entstehen Pionen, die durch magnetische Vorrichtungen, die so genannten magnetischen H\u00f6rner, zu einem Strahl geb\u00fcndelt werden. Diese Pionen zerfallen schnell in Myonen und Myon-Neutrinos. Die Myonen und die verbleibenden Protonen und Pionen im Strahl werden von einer zweiten Graphitschicht (dem so genannten Beam-Dump) aufgehalten. Nur die Neutrinos k\u00f6nnen diese Schicht passieren. Die Energie der Neutrinos im Strahl ist wichtig, da die Oszillationen davon abh\u00e4ngen: Neutrinos mit niedriger Energie oszillieren \u00fcber eine k\u00fcrzere Strecke als Neutrinos mit hoher Energie. <\/span><span lang=\"de-DE\">Die Neutrinos im T2K-Strah haben eine Energie von ungef\u00e4hr 600 MeV. Bei dieser Energie wandeln sich fast alle Neutrinos auf den 295 km zum SuperKamiokande Detektor um.<\/span><\/p>\n<p><span lang=\"de-DE\">Seit 2014 nimmt T2K auch mit einem Myon-Antineutrinostrahl Daten. Man geht davon aus, dass beim Urknall Materie und Antimaterie zu gleichen Teilen entstanden sind, und es ist nicht klar, warum das heutige Universum ausschlie\u00dflich aus Materie besteht. Die Verwendung eines Antineutrinostrahls kann es erm\u00f6glichen, eine Antwort auf dieses Problem zu finden, indem Antineutrino-Oszillationen mit Neutrino-Oszillationen verglichen werden.<\/span><\/p>\n<h2><strong>Der T2K Detektor<\/strong><\/h2>\n<div id=\"attachment_101\" style=\"width: 409px\" class=\"wp-caption alignright\"><img decoding=\"async\" aria-describedby=\"caption-attachment-101\" loading=\"lazy\" class=\"wp-image-101 size-full\" src=\"https:\/\/t2k-experiment.org\/wp-content\/uploads\/ND280.png\" alt=\"Bestandteile des Detektors\" width=\"399\" height=\"371\" srcset=\"https:\/\/t2k-experiment.org\/wp-content\/uploads\/ND280.png 399w, https:\/\/t2k-experiment.org\/wp-content\/uploads\/ND280-300x278.png 300w\" sizes=\"auto, (max-width: 399px) 100vw, 399px\" \/><p id=\"caption-attachment-101\" class=\"wp-caption-text\">\u00a0\u00a0\u00a0\u00a0\u00a0\u00a0\u00a0\u00a0\u00a0\u00a0\u00a0\u00a0\u00a0\u00a0\u00a0\u00a0\u00a0\u00a0 Bestandteile des Detektors<\/p><\/div>\n<p><span lang=\"de-DE\">Es ist wichtig, dass die Richtung des Neutrinostrahls auf 1\/20 Grad stabil ist und dass die Strahlintensit\u00e4t \u00fcber die Zeit konstant ist. Richtung und Intensit\u00e4t des Strahls werden t\u00e4glich durch die Wechselwirkungen der Neutrinos mit dem Eisen im nahegelegenen Interaktiven Neutrino-GRID-Detektor (INGRID) \u00fcberpr\u00fcft, der aus einem Netz von vertikalen und horizontalen Modulen besteht. Dieser Detektor befindet sich 280 Meter vom Graphittarget entfernt und ist in der Richtung des Neutrinostrahls zentriert.<\/span><\/p>\n<p><span lang=\"de-DE\">T2K untersucht Neutrino-Oszillationen mit zwei verschiedenen Detektoren, die beide in einem Winkel von 2,5 Grad zur zentralen Richtung des Neutrinostrahls angeordnet sind. Der Nahdetektor, ND280 (NearDetector280) genannt, ist ebenfalls 280 Meter vom Ziel entfernt und misst die Anzahl der Myon-Neutrinos im Strahl bevor Oszillationen auftreten. T2K-Neutrinos haben eine viel h\u00f6here Energie als Sonnenneutrinos, so dass diese hochenergetischen Neutrinos mit einer etwas gr\u00f6\u00dferen Wahrscheinlichkeit mit Materie wechselwirken k\u00f6nnen. Eine kleine Anzahl von Myon-Neutrinos wechselwirkt mit dem Szintillator oder dem Wasser in ND280, und viele dieser Wechselwirkungen erzeugen ein Myon. Das Myon ist ein geladenes Teilchen, das einfach nachgewiesen werden kann da es sowohl Gas ionisiert als auch Szintillationslicht produziert. Die ND280-Messungen werden verwendet, um die Anzahl der Myon-Neutrinos vorherzusagen, die im &#8220;Ferndetektor&#8221; SuperKamiokande zu sehen w\u00e4ren, wenn es keine Oszillationen g\u00e4be.<\/span><\/p>\n<p><span lang=\"de-DE\">Die meisten Neutrinos passieren den ND280, ohne zu wechselwirken, und reisen mit nahezu Lichtgeschwindigkeit zum Super-Kamiokande (Super-K) Detektor. Dieser befindet sich 1000 Meter unter der Erde im Westen Japans und ist 295 km vom Ziel in Tokai entfernt. Am Super-K-Detektor gelangen die Neutrinos in einen sehr gro\u00dfen Zylinder mit hochreinem Wasser. Auch hier gehen die meisten Neutrinos ohne Wechselwirkung hindurch, aber aufgrund ihrer hohen Energien und der hohen Strahlintensit\u00e4t k\u00f6nnen einige Wechselwirkung mit dem Wasser aufgezeichnet werden.<\/span><\/p>\n<div id=\"attachment_102\" style=\"width: 810px\" class=\"wp-caption aligncenter\"><img decoding=\"async\" aria-describedby=\"caption-attachment-102\" loading=\"lazy\" class=\"size-full wp-image-102 \" src=\"http:\/\/t2k-experiment.org\/wp-content\/uploads\/SuperK.jpg\" alt=\"\" width=\"800\" height=\"250\" srcset=\"https:\/\/t2k-experiment.org\/wp-content\/uploads\/SuperK.jpg 800w, https:\/\/t2k-experiment.org\/wp-content\/uploads\/SuperK-300x93.jpg 300w\" sizes=\"auto, (max-width: 800px) 100vw, 800px\" \/><p id=\"caption-attachment-102\" class=\"wp-caption-text\"><!-- id=102. alt=. title=SuperK. align=. --><\/p><\/div>\n<p><span lang=\"de-DE\">Viele der Wechselwirkungen von Myon-Neutrinos erzeugen Myonen, w\u00e4hrend die Wechselwirkungen von Elektron-Neutrinos oft Elektronen erzeugen. Myonen und Elektronen sind geladene Teilchen, die beim Vorbeiflug Elektronen im Wasser verdr\u00e4ngen. Wenn die Wasserelektronen nach dem Vorbeiflug des geladenen Teilchens in ihre Gleichgewichtsposition zur\u00fcckkehren, geben sie Licht ab. Wenn das vorbeiziehende geladene Teilchen schneller ist als die Lichtgeschwindigkeit im Wasser (die drei Viertel der Geschwindigkeit im Vakuum betr\u00e4gt), wird dieses Licht in Form eines Kegels abgestrahlt, der als Tscherenkow-Strahlung bekannt ist. Die W\u00e4nde von Super-K sind mit mehr als 10.000 empfindlichen Photovervielfacherr\u00f6hren (sogenannten PMTs) ausgekleidet, die den Kegel des Tscherenkow-Lichts als Ring erkennen. Super-K kann Myonen (die einen scharfen Ring erzeugen) von Elektronen (die einen eher diffusen Ring erzeugen) unterscheiden.<\/span><\/p>\n<p><span lang=\"de-DE\">F\u00fcr eine fast aktuelle Ereignisanzeige von Super-K, <a href=\"http:\/\/www-sk.icrr.u-tokyo.ac.jp\/realtimemonitor\/\">klicken Sie hier<!-- Link to SK event display --><\/a>. <\/span><span lang=\"de-DE\">Sie sehen eine Karte der PMTs im Inneren des Super-K-Detektors von einem Ereignis, das vor kurzer Zeit aufgezeichnet wurde. Die Anzeige wird alle paar Sekunden aktualisiert. Dies ist nur eine zuf\u00e4llige Auswahl der Ereignisse, die jede Sekunde bei Super-K aufgezeichnet werden. (F\u00fcr eine Erkl\u00e4rung der Ereignisanzeige <a href=\"https:\/\/t2k-experiment.org\/super-kamiokande-event-displays\/\">klicken Sie bitte hier<\/a><!-- Link to explanation -->). Bei den meisten Ereignissen, die Sie sehen, handelt es sich um abw\u00e4rts gerichtete Myonenspuren und NICHT um T2K-Strahlneutrinos! Tats\u00e4chlich werden die meisten Neutrino-Wechselwirkungen, die wir aus den Millionen von Ereignissen, die bei Super-K aufgezeichnet werden, herausfiltern, durch Neutrinos von der Sonne oder der Erdatmosph\u00e4re verursacht. Nur ein paar hundert Neutrino-Wechselwirkungen pro Jahr sind auf Strahlneutrinos zur\u00fcckzuf\u00fchren, die vom J-PARC kommen.<\/span><\/p>\n<p><span lang=\"de-DE\">Die Oszillationen von Myon-Neutrinos zu Elektronen-Neutrinos wurden in Super-K als diffuse Ringe von Elektronen beobachtet, die bei Wechselwirkungen von Elektronen-Neutrinos mit dem Wasser entstehen. 28 Elektron-Neutrino-Ereignisse wurden in Super K beobachtet, w\u00e4hrend nur 4,6 erwartet worden w\u00e4ren, wenn es keine Oszillationen gegeben h\u00e4tte. Die Wahrscheinlichkeit, dass diese 28 Ereignisse auf einen anderen Prozess als die Oszillationen von Myon-Neutrinos zu Elektron-Neutrinos zur\u00fcckzuf\u00fchren sind, ist mit 10<\/span><sup><span lang=\"de-DE\">-13<\/span><\/sup><span lang=\"de-DE\"> sehr gering und best\u00e4tigt, dass diese Oszillationen stattfinden.<\/span><\/p>\n<p><span lang=\"de-DE\">T2K untersucht auch Oszillationen von Myon-Neutrinos zu Tau-Neutrinos. Diese werden durch das Verschwinden von Myonneutrinos in Super-K im Vergleich zur ND280-Vorhersage ohne Oszillationen vermessen.<\/span><\/p>\n<h2>Vorteile eines Off-Axis Experiments<\/h2>\n<p><span lang=\"de-DE\">T2K ist das weltweit erste sogenannte Off-Axis Neutrinoexperiment bei dem ND280 und Super-K 2,5 Grad vom Zentrum des Neutrinostrahls entfernt sind.<\/span><\/p>\n<p><span lang=\"de-DE\">Dieser Off-Axis Strahls hat einen engeren Energiebereich als der On-Axis Strahl und der Winkel und damit die Neutrinoenergie ist so gew\u00e4hlt, dass fast alle Neutrinos ihren \u201eFlavor\u201c \u00e4ndert, wenn sie Super-K erreichen. Die Neutrinoenergie ist ein wichtiger Parameter, um Neutrinooszillationen zu verstehen. Am genauesten kann diese bei Ereignissen durchgef\u00fchrt werden, bei denen ein Neutrino mit einem Neutron im Detektor wechselwirkt und ein Myon und ein Proton erzeugt werden. Der Off-Axis Strahls hat einen gr\u00f6\u00dferen Anteil an diesen Ereignissen, wodurch T2K genauere Messungen der Neutrinoenergie vornehmen kann. Dies f\u00fchrt zu genaueren Messungen der Wahrscheinlichkeit von Neutrino-Oszillationen und Neutrino-Massendifferenzen als bei fr\u00fcheren Experimenten.<\/span><\/p>\n","protected":false},"excerpt":{"rendered":"<p>Das T2K-Experiment (Tokai-to-Kamioka) ist ein sogenanntes long-baseline Neutrinoexperiment in Japan. Es besteht aus einem Teilchenbeschleuniger, der einen Neutrinostrahl \u00fcber eine Distanz von 300 km von Tokai zum SuperKamiokande Detektor in Kamioka schickt. Das Hauptziel ist die Untersuchung von Neutrino-Oszillationen. Neutrinos sind Elementarteilchen, die in drei \u201eGeschmacksrichtungen\u201c (Flavor) existieren: Elektronen-, Myon- und Tau-Neutrinos. Sie wechselwirken nur&hellip;<\/p>\n<p><a href=\"https:\/\/t2k-experiment.org\/de\/ueber-t2k\/\">Read More<\/a><\/p>\n","protected":false},"author":28,"featured_media":0,"parent":0,"menu_order":1,"comment_status":"open","ping_status":"open","template":"","meta":{"nf_dc_page":"","footnotes":""},"class_list":["post-6272","page","type-page","status-publish","hentry"],"_links":{"self":[{"href":"https:\/\/t2k-experiment.org\/de\/wp-json\/wp\/v2\/pages\/6272","targetHints":{"allow":["GET"]}}],"collection":[{"href":"https:\/\/t2k-experiment.org\/de\/wp-json\/wp\/v2\/pages"}],"about":[{"href":"https:\/\/t2k-experiment.org\/de\/wp-json\/wp\/v2\/types\/page"}],"author":[{"embeddable":true,"href":"https:\/\/t2k-experiment.org\/de\/wp-json\/wp\/v2\/users\/28"}],"replies":[{"embeddable":true,"href":"https:\/\/t2k-experiment.org\/de\/wp-json\/wp\/v2\/comments?post=6272"}],"version-history":[{"count":2,"href":"https:\/\/t2k-experiment.org\/de\/wp-json\/wp\/v2\/pages\/6272\/revisions"}],"predecessor-version":[{"id":6403,"href":"https:\/\/t2k-experiment.org\/de\/wp-json\/wp\/v2\/pages\/6272\/revisions\/6403"}],"wp:attachment":[{"href":"https:\/\/t2k-experiment.org\/de\/wp-json\/wp\/v2\/media?parent=6272"}],"curies":[{"name":"wp","href":"https:\/\/api.w.org\/{rel}","templated":true}]}}