{"id":6404,"date":"2023-03-16T16:16:26","date_gmt":"2023-03-16T16:16:26","guid":{"rendered":"https:\/\/t2k-experiment.org\/?page_id=6404"},"modified":"2023-03-16T16:16:27","modified_gmt":"2023-03-16T16:16:27","slug":"ueber-neutrinos","status":"publish","type":"page","link":"https:\/\/t2k-experiment.org\/de\/ueber-neutrinos\/","title":{"rendered":"\u00dcber Neutrinos"},"content":{"rendered":"<p><span lang=\"de-DE\">Diese Seite soll Ihnen helfen, mehr \u00fcber Neutrinos und ihre faszinierende Physik zu erfahren. Sie k\u00f6nnen dies auf drei Arten tun, je nachdem, was Sie bereits wissen und was Sie wissen m\u00f6chten.<\/span><\/p>\n<ul>\n<li><span lang=\"de-DE\">Wenn Sie noch nicht viel \u00fcber Neutrinos wissen, lesen Sie unsere <a href=\"https:\/\/t2k-experiment.org\/neutrinos\/faq\/\">Neutrino-FAQ<\/a> (in Englisch).<\/span><\/li>\n<li><span lang=\"de-DE\">Wenn Sie das Gef\u00fchl haben, dass Sie bereits ein wenig \u00fcber Neutrinos wissen, aber mehr erfahren m\u00f6chten, schauen Sie sich die Links im Men\u00fc auf dieser Seite an, die zusammen eine detaillierte Einf\u00fchrung in Neutrinos und Neutrinophysik bieten. Dies sollte f\u00fcr Physikstudenten, Physiklehrer und diejenigen geeignet sein, die sich \u00fcber Teilchenphysik informiert oder einen Schulkurs besucht haben.<\/span><\/li>\n<li><span lang=\"de-DE\">Wenn Sie auf der Suche nach technischen Verweisen auf die Original-Forschungsliteratur sind, versuchen Sie es mit &#8220;<a href=\"http:\/\/www.nu.to.infn.it\/\">Neutrino Unbound<\/a>&#8221; oder &#8220;<a href=\"https:\/\/www.hep.anl.gov\/ndk\/hypertext\/\">The Neutrino Oscillation Industry<\/a>&#8220;. (Dies sind externe Links in englischer Sprache, die nicht von T2K gepflegt werden).<\/span><\/li>\n<\/ul>\n<p><span lang=\"de-DE\">Vielleicht sind Sie auch an den folgenden externen Links interessiert:<\/span><\/p>\n<ul>\n<li><span lang=\"de-DE\">Der <a href=\"http:\/\/neutrinoscience.blogspot.com\/\">Neutrino-Blog<\/a> von T2K-Kollaborationsmitglied Dr. Ben Still;<\/span><\/li>\n<li><span lang=\"de-DE\"><a href=\"https:\/\/www.bbc.co.uk\/programmes\/b0106tjc\">BBC Radio 4 &#8220;In Our Time&#8221; Sendung<\/a> \u00fcber &#8220;The Neutrino&#8221;, mit den T2K-Kollaborationsmitgliedern Prof. Dave Wark und Dr. Susan Cartwright.<\/span><\/li>\n<\/ul>\n<p><span lang=\"de-DE\">Wir w\u00fcnschen Ihnen viel Spa\u00df beim St\u00f6bern und hoffen, dass Sie finden, wonach Sie suchen!<\/span><\/p>\n","protected":false},"excerpt":{"rendered":"<p>Diese Seite soll Ihnen helfen, mehr \u00fcber Neutrinos und ihre faszinierende Physik zu erfahren. Sie k\u00f6nnen dies auf drei Arten tun, je nachdem, was Sie bereits wissen und was Sie wissen m\u00f6chten. Wenn Sie noch nicht viel \u00fcber Neutrinos wissen, lesen Sie unsere Neutrino-FAQ (in Englisch). Wenn Sie das Gef\u00fchl haben, dass Sie bereits ein&hellip;<\/p>\n<p><a href=\"https:\/\/t2k-experiment.org\/de\/ueber-neutrinos\/\">Read More<\/a><\/p>\n","protected":false},"author":28,"featured_media":0,"parent":0,"menu_order":2,"comment_status":"open","ping_status":"open","template":"","meta":{"nf_dc_page":"","footnotes":""},"class_list":["post-6404","page","type-page","status-publish","hentry"],"_links":{"self":[{"href":"https:\/\/t2k-experiment.org\/de\/wp-json\/wp\/v2\/pages\/6404","targetHints":{"allow":["GET"]}}],"collection":[{"href":"https:\/\/t2k-experiment.org\/de\/wp-json\/wp\/v2\/pages"}],"about":[{"href":"https:\/\/t2k-experiment.org\/de\/wp-json\/wp\/v2\/types\/page"}],"author":[{"embeddable":true,"href":"https:\/\/t2k-experiment.org\/de\/wp-json\/wp\/v2\/users\/28"}],"replies":[{"embeddable":true,"href":"https:\/\/t2k-experiment.org\/de\/wp-json\/wp\/v2\/comments?post=6404"}],"version-history":[{"count":1,"href":"https:\/\/t2k-experiment.org\/de\/wp-json\/wp\/v2\/pages\/6404\/revisions"}],"predecessor-version":[{"id":6406,"href":"https:\/\/t2k-experiment.org\/de\/wp-json\/wp\/v2\/pages\/6404\/revisions\/6406"}],"wp:attachment":[{"href":"https:\/\/t2k-experiment.org\/de\/wp-json\/wp\/v2\/media?parent=6404"}],"curies":[{"name":"wp","href":"https:\/\/api.w.org\/{rel}","templated":true}]}}