{"id":6039,"date":"2011-06-28T22:00:13","date_gmt":"2011-06-28T22:00:13","guid":{"rendered":"https:\/\/t2k-experiment.org\/neutrinos\/"},"modified":"2023-02-06T07:58:26","modified_gmt":"2023-02-06T07:58:26","slug":"neutrinos","status":"publish","type":"page","link":"https:\/\/t2k-experiment.org\/es\/neutrinos\/","title":{"rendered":"Acerca de los neutrinos"},"content":{"rendered":"<p class=\"Standard\" style=\"text-align: justify;\"><span lang=\"ES\">Esta p\u00e1gina busca ayudarte a aprender m\u00e1s sobre los neutrinos y la fascinante f\u00edsica que esconden. Puedes hacerlo de tres maneras, dependiendo de lo que ya sepas y de lo que quieras saber.<\/span><\/p>\n<ul>\n<li>Si no sabes mucho sobre los neutrinos, consulta las Preguntas M\u00e1s Frecuentes sobre neutrinos <a href=\"https:\/\/t2k-experiment.org\/neutrinos\/faq\/\">(Neutrino FAQ)<\/a>.<\/li>\n<li>Si ya conoces algo sobre los neutrinos, pero quieres saber m\u00e1s, consulta los enlaces del men\u00fa de esta p\u00e1gina, que ofrecen una introducci\u00f3n detallada a los neutrinos y a la f\u00edsica de neutrinos. Esto deber\u00eda ser adecuado para estudiantes de f\u00edsica, profesores de f\u00edsica y aquellos que hayan le\u00eddo sobre f\u00edsica de part\u00edculas o hayan seguido alg\u00fan curso sobre la materia.<\/li>\n<li>\n<p class=\"Standard\" style=\"text-align: justify;\"><span lang=\"ES\">Si busca referencias t\u00e9cnicas referidas a art\u00edculos de investigaci\u00f3n, prueba <a href=\"http:\/\/www.nu.to.infn.it\/\">Neutrino Unbound<\/a> o <a href=\"https:\/\/www.hep.anl.gov\/ndk\/hypertext\/\">The Neutrino Oscillation Industry<\/a>. (Se trata de enlaces externos, no gestionados por T2K).<\/span><\/p>\n<\/li>\n<\/ul>\n<p class=\"Standard\" style=\"text-align: justify;\"><span lang=\"ES\">Tambi\u00e9n pueden resultarte de inter\u00e9s los siguientes enlaces externos:<\/span><\/p>\n<ul>\n<li><a href=\"http:\/\/neutrinoscience.blogspot.com\/\">the Neutrino Blog<\/a>, by T2K collaboration member Dr Ben Still;<\/li>\n<li><a href=\"https:\/\/neutrinoscience.blogspot.com\/\">El Blog del Neutrino (the Neutrino Blog)<\/a> del Dr. Ben Still, miembro de la colaboraci\u00f3n T2K;<\/li>\n<li>\u201cEl Neutrino\u201d, dentro del programa de la <a href=\"https:\/\/www.bbc.co.uk\/programmes\/b0106tjc\">BBC Radio 4 &#8220;In Our Time&#8221;<\/a>, con la participaci\u00f3n del Profesor Dave Wark y la Doctora Susan Cartwright, ambos miembros de la colaboraci\u00f3n T2K.<\/li>\n<\/ul>\n<p class=\"Standard\" style=\"text-align: justify;\"><span lang=\"ES\">\u00a1Te deseamos una feliz exploraci\u00f3n del mundo de los neutrinos y esperamos que encuentres todo lo que te interesa!<\/span><\/p>\n","protected":false},"excerpt":{"rendered":"<p>Esta p\u00e1gina busca ayudarte a aprender m\u00e1s sobre los neutrinos y la fascinante f\u00edsica que esconden. Puedes hacerlo de tres maneras, dependiendo de lo que ya sepas y de lo que quieras saber. Si no sabes mucho sobre los neutrinos, consulta las Preguntas M\u00e1s Frecuentes sobre neutrinos (Neutrino FAQ). Si ya conoces algo sobre los&hellip;<\/p>\n<p><a href=\"https:\/\/t2k-experiment.org\/es\/neutrinos\/\">Read More<\/a><\/p>\n","protected":false},"author":23,"featured_media":0,"parent":0,"menu_order":2,"comment_status":"open","ping_status":"open","template":"","meta":{"nf_dc_page":"","footnotes":""},"class_list":["post-6039","page","type-page","status-publish","hentry"],"_links":{"self":[{"href":"https:\/\/t2k-experiment.org\/es\/wp-json\/wp\/v2\/pages\/6039","targetHints":{"allow":["GET"]}}],"collection":[{"href":"https:\/\/t2k-experiment.org\/es\/wp-json\/wp\/v2\/pages"}],"about":[{"href":"https:\/\/t2k-experiment.org\/es\/wp-json\/wp\/v2\/types\/page"}],"author":[{"embeddable":true,"href":"https:\/\/t2k-experiment.org\/es\/wp-json\/wp\/v2\/users\/23"}],"replies":[{"embeddable":true,"href":"https:\/\/t2k-experiment.org\/es\/wp-json\/wp\/v2\/comments?post=6039"}],"version-history":[{"count":1,"href":"https:\/\/t2k-experiment.org\/es\/wp-json\/wp\/v2\/pages\/6039\/revisions"}],"predecessor-version":[{"id":6040,"href":"https:\/\/t2k-experiment.org\/es\/wp-json\/wp\/v2\/pages\/6039\/revisions\/6040"}],"wp:attachment":[{"href":"https:\/\/t2k-experiment.org\/es\/wp-json\/wp\/v2\/media?parent=6039"}],"curies":[{"name":"wp","href":"https:\/\/api.w.org\/{rel}","templated":true}]}}