{"id":6410,"date":"2023-03-16T17:12:53","date_gmt":"2023-03-16T17:12:53","guid":{"rendered":"https:\/\/t2k-experiment.org\/?page_id=6410"},"modified":"2023-03-16T17:12:55","modified_gmt":"2023-03-16T17:12:55","slug":"a-propos-des-neutrinos","status":"publish","type":"page","link":"https:\/\/t2k-experiment.org\/fr\/a-propos-des-neutrinos\/","title":{"rendered":"A propos des neutrinos"},"content":{"rendered":"<p>Cette page a pour but de vous aider \u00e0 en savoir plus sur les neutrinos et la physique fascinante qui leur est associ\u00e9e. Vous pouvez y parvenir de trois mani\u00e8res, en fonction de ce que vous savez d\u00e9j\u00e0 et de ce que vous voulez savoir.<\/p>\n<ul>\n<li>Si vous ne savez pas grand-chose sur les neutrinos, consultez notre <a href=\"https:\/\/t2k-experiment.org\/neutrinos\/faq\/\">FAQ sur les neutrinos<\/a>.<\/li>\n<li>Si vous pensez que vous en savez d\u00e9j\u00e0 un peu sur les neutrinos, mais que vous souhaitez en savoir plus, consultez les liens du menu de cette page, qui fournissent une introduction d\u00e9taill\u00e9e aux neutrinos et \u00e0 la physique des neutrinos. Cette introduction devrait convenir aux \u00e9tudiants en physique, aux professeurs de physique et \u00e0 ceux qui ont lu des ouvrages sur la physique des particules ou qui ont suivi un cours \u00e0 l&#8217;\u00e9cole.<\/li>\n<li>Si vous recherchez des r\u00e9f\u00e9rences techniques et des articles de recherche, essayez &#8220;<a href=\"http:\/\/www.nu.to.infn.it\/\">Neutrino Unbound<\/a>&#8221; ou &#8220;<a href=\"https:\/\/www.hep.anl.gov\/ndk\/hypertext\/\">The Neutrino Oscillation Industry<\/a>&#8220;. (Il s&#8217;agit de liens externes, qui ne sont pas g\u00e9r\u00e9s par T2K).<\/li>\n<\/ul>\n<p>Les liens externes suivants peuvent \u00e9galement vous int\u00e9resser :<\/p>\n<ul>\n<li>Le <a href=\"http:\/\/neutrinoscience.blogspot.com\/\">blog Neutrino<\/a> du Dr Ben Still, membre de la collaboration T2K ;<\/li>\n<li>L&#8217;\u00e9mission &#8220;<a href=\"https:\/\/www.bbc.co.uk\/programmes\/b0106tjc\">In Our Time<\/a>&#8221; de BBC Radio 4 &#8220;The neutrino&#8221;, avec le professeur Dave Wark et le docteur Susan Cartwright, membres de la collaboration T2K.<\/li>\n<\/ul>\n<p>Bonne exploration, et nous esp\u00e9rons que vous trouverez ce que vous cherchez !<\/p>\n","protected":false},"excerpt":{"rendered":"<p>Cette page a pour but de vous aider \u00e0 en savoir plus sur les neutrinos et la physique fascinante qui leur est associ\u00e9e. Vous pouvez y parvenir de trois mani\u00e8res, en fonction de ce que vous savez d\u00e9j\u00e0 et de ce que vous voulez savoir. Si vous ne savez pas grand-chose sur les neutrinos, consultez&hellip;<\/p>\n<p><a href=\"https:\/\/t2k-experiment.org\/fr\/a-propos-des-neutrinos\/\">Read More<\/a><\/p>\n","protected":false},"author":28,"featured_media":0,"parent":0,"menu_order":2,"comment_status":"open","ping_status":"open","template":"","meta":{"nf_dc_page":"","footnotes":""},"class_list":["post-6410","page","type-page","status-publish","hentry"],"_links":{"self":[{"href":"https:\/\/t2k-experiment.org\/fr\/wp-json\/wp\/v2\/pages\/6410","targetHints":{"allow":["GET"]}}],"collection":[{"href":"https:\/\/t2k-experiment.org\/fr\/wp-json\/wp\/v2\/pages"}],"about":[{"href":"https:\/\/t2k-experiment.org\/fr\/wp-json\/wp\/v2\/types\/page"}],"author":[{"embeddable":true,"href":"https:\/\/t2k-experiment.org\/fr\/wp-json\/wp\/v2\/users\/28"}],"replies":[{"embeddable":true,"href":"https:\/\/t2k-experiment.org\/fr\/wp-json\/wp\/v2\/comments?post=6410"}],"version-history":[{"count":1,"href":"https:\/\/t2k-experiment.org\/fr\/wp-json\/wp\/v2\/pages\/6410\/revisions"}],"predecessor-version":[{"id":6412,"href":"https:\/\/t2k-experiment.org\/fr\/wp-json\/wp\/v2\/pages\/6410\/revisions\/6412"}],"wp:attachment":[{"href":"https:\/\/t2k-experiment.org\/fr\/wp-json\/wp\/v2\/media?parent=6410"}],"curies":[{"name":"wp","href":"https:\/\/api.w.org\/{rel}","templated":true}]}}