{"id":6069,"date":"2023-02-08T05:35:21","date_gmt":"2023-02-08T05:35:21","guid":{"rendered":"https:\/\/t2k-experiment.org\/?page_id=6069"},"modified":"2023-02-08T05:35:56","modified_gmt":"2023-02-08T05:35:56","slug":"o-neutrinach","status":"publish","type":"page","link":"https:\/\/t2k-experiment.org\/pl\/o-neutrinach\/","title":{"rendered":"O neutrinach"},"content":{"rendered":"<p class=\"Standard\"><span lang=\"PL\">Ta strona zosta\u0142a stworzona po to, aby\u015b m\u00f3g\u0142 poszerzy\u0107 swoj\u0105 wiedz\u0119 na temat fizyki neutrin. Mo\u017cesz to zrobi\u0107 na trzy sposoby, w zale\u017cno\u015bci od tego, co ju\u017c wiesz i czego chcesz si\u0119 dowiedzie\u0107.<\/span><\/p>\n<ul>\n<li>Je\u015bli nie wiesz zbyt wiele o neutrinach, zajrzyj do naszego <a href=\"http:\/\/t2k-experiment.org\/neutrinos\/faq\/\">FAQ na temat neutrin<\/a>.<\/li>\n<li>Je\u015bli wiesz ju\u017c troch\u0119 wi\u0119cej na temat neutrin, ale chcia\u0142by\u015b dowiedzie\u0107 si\u0119 jeszcze wi\u0119cej, odwied\u017a linki, kt\u00f3re znajduj\u0105 si\u0119 w menu na tej stronie. Znajduje si\u0119 tam szczeg\u00f3\u0142owe wprowadzenie do fizyki neutrin. Jest ono dedykowane dla student\u00f3w fizyki, nauczycieli fizyki i tych, kt\u00f3rzy czytali o fizyce cz\u0105stek lub uczestniczyli w wyk\u0142adach na ten temat.<\/li>\n<li>Je\u015bli szukasz odno\u015bnik\u00f3w do literatury \u017ar\u00f3d\u0142owej oraz publikacji, odwied\u017a stron\u0119 <a href=\"http:\/\/www.nu.to.infn.it\/\">Neutrino Unbound<\/a> lub <a href=\"http:\/\/www.hep.anl.gov\/ndk\/hypertext\/\">The Neutrino Oscillation Industry<\/a> (S\u0105 to strony zewn\u0119trzne, nie utrzymywane przez T2K).<\/li>\n<\/ul>\n<p class=\"Standard\"><span lang=\"PL\">Poni\u017cej znajduj\u0105 si\u0119 inne linki do stron zewn\u0119trznych, kt\u00f3rymi mo\u017cesz by\u0107 zainteresowany:<\/span><\/p>\n<ul>\n<li><a href=\"http:\/\/neutrinoscience.blogspot.com\/\">the Neutrino Blog<\/a>, prowadzony przez cz\u0142onka wsp\u00f3\u0142pracy T2K, dr Bena Stilla<\/li>\n<li>Audycja <a href=\"http:\/\/www.bbc.co.uk\/programmes\/b0106tjc\">BBC Radio 4 &#8220;In Our Time&#8221;<\/a> zatytu\u0142owana &#8220;Neutrino&#8221;, z udzia\u0142em cz\u0142onk\u00f3w zespo\u0142u T2K: Prof. Dave Wark i Dr Susan Cartwright.<\/li>\n<\/ul>\n<p class=\"Standard\"><span lang=\"PL\">\u017byczymy mi\u0142ego odkrywania i mamy nadziej\u0119, \u017ce znale\u017ali\u015bcie to, czego szukali\u015bcie!<\/span><\/p>\n","protected":false},"excerpt":{"rendered":"<p>Ta strona zosta\u0142a stworzona po to, aby\u015b m\u00f3g\u0142 poszerzy\u0107 swoj\u0105 wiedz\u0119 na temat fizyki neutrin. Mo\u017cesz to zrobi\u0107 na trzy sposoby, w zale\u017cno\u015bci od tego, co ju\u017c wiesz i czego chcesz si\u0119 dowiedzie\u0107. Je\u015bli nie wiesz zbyt wiele o neutrinach, zajrzyj do naszego FAQ na temat neutrin. Je\u015bli wiesz ju\u017c troch\u0119 wi\u0119cej na temat neutrin,&hellip;<\/p>\n<p><a href=\"https:\/\/t2k-experiment.org\/pl\/o-neutrinach\/\">Read More<\/a><\/p>\n","protected":false},"author":23,"featured_media":0,"parent":0,"menu_order":2,"comment_status":"open","ping_status":"open","template":"","meta":{"nf_dc_page":"","footnotes":""},"class_list":["post-6069","page","type-page","status-publish","hentry"],"_links":{"self":[{"href":"https:\/\/t2k-experiment.org\/pl\/wp-json\/wp\/v2\/pages\/6069","targetHints":{"allow":["GET"]}}],"collection":[{"href":"https:\/\/t2k-experiment.org\/pl\/wp-json\/wp\/v2\/pages"}],"about":[{"href":"https:\/\/t2k-experiment.org\/pl\/wp-json\/wp\/v2\/types\/page"}],"author":[{"embeddable":true,"href":"https:\/\/t2k-experiment.org\/pl\/wp-json\/wp\/v2\/users\/23"}],"replies":[{"embeddable":true,"href":"https:\/\/t2k-experiment.org\/pl\/wp-json\/wp\/v2\/comments?post=6069"}],"version-history":[{"count":2,"href":"https:\/\/t2k-experiment.org\/pl\/wp-json\/wp\/v2\/pages\/6069\/revisions"}],"predecessor-version":[{"id":6072,"href":"https:\/\/t2k-experiment.org\/pl\/wp-json\/wp\/v2\/pages\/6069\/revisions\/6072"}],"wp:attachment":[{"href":"https:\/\/t2k-experiment.org\/pl\/wp-json\/wp\/v2\/media?parent=6069"}],"curies":[{"name":"wp","href":"https:\/\/api.w.org\/{rel}","templated":true}]}}